{"id":12,"date":"2019-02-16T04:31:44","date_gmt":"2019-02-16T04:31:44","guid":{"rendered":"http:\/\/www.ww-schroeder.de\/?page_id=12"},"modified":"2025-07-21T08:43:17","modified_gmt":"2025-07-21T06:43:17","slug":"sortiment","status":"publish","type":"page","link":"http:\/\/www.ww-schroeder.de\/index.php\/sortiment\/","title":{"rendered":"Sortiment"},"content":{"rendered":"<p><img decoding=\"async\" loading=\"lazy\" src=\"http:\/\/ww-schroeder.de\/images\/startlogo.png\" alt=\"Logobild\" width=\"960\" height=\"330\" \/><\/p>\n<p>Hier finden Sie eine \u00dcbersicht unserer Gesch\u00e4ftspartner und unseres Portfolios in den verschiedenen Bereichen.<\/p>\n<p>Heizkessel und Zubeh\u00f6r<\/p>\n<ul>\n<li>Interdomo<\/li>\n<li>Ferroli\/Rapido<\/li>\n<li>Wolf<\/li>\n<li>MCZ<\/li>\n<li>Rotex<\/li>\n<li>Remko<\/li>\n<li>Poll<\/li>\n<li>Oranier<\/li>\n<\/ul>\n<p>Installationstechnik<\/p>\n<ul>\n<li>Kupfer-L\u00f6t<\/li>\n<li>Kupfer-Press (V und M Kontur)<\/li>\n<li>Kupfer-Steck (l\u00f6sbar und unl\u00f6sbar)<\/li>\n<li>C-Stahl-Steck<\/li>\n<li>Edelstahl-Steck<\/li>\n<li>Aluverbund (TH Kontur) Eigenmarke WWSTEC<\/li>\n<li>Aluverbund-Steck Eigenmarke WWSTECK<\/li>\n<li>Aluverbund-Schraub Eigenmarke WWSCHRAUB<\/li>\n<li>und vieles mehr \u2026<\/li>\n<\/ul>\n<p>Sanit\u00e4r Keramik<\/p>\n<p>Duschkabinen, Badewannen und Armaturen aller g\u00e4ngigen Hersteller<\/p>\n<ul>\n<li>Villeroy &amp; Boch<\/li>\n<li>Duravit<\/li>\n<li>Keramag<\/li>\n<li>Oli Vorwandinstallation<\/li>\n<li>Demm<\/li>\n<li>Tardis<\/li>\n<li>OLI Vorwandinstallation<\/li>\n<\/ul>\n<p>Werkzeuge:<\/p>\n<ul>\n<li>Rothenberger<\/li>\n<li>Knipex<\/li>\n<li>Stabila<\/li>\n<li>Gedore<\/li>\n<\/ul>\n<p>und viele mehr<\/p>\n<p>Fl\u00fcssiggas:<\/p>\n<p>Wir f\u00fchren Fl\u00fcssiggas der Firma Tyczka<\/p>\n<p>Pfand Flasche<\/p>\n<p>an Lager:<\/p>\n<p>5KG \/ 11KG \/ 33KG<\/p>\n<p>Nutzungsflasche<\/p>\n<p>an Lager:<\/p>\n<p>5KG \/ 11KG\/ BBQ 8KG\/ Alugas<\/p>\n<p>Auf Bestellung<\/p>\n<p>Staplergas\u00a0 \/ 19 KG<\/p>\n<p>R\u00fcckholung von Progas Pfandflaschen m\u00f6glich<\/p>\n<p>Neu in Sortiment<\/p>\n<p>H\u00fcpfburgverleih<\/p>\n<p>DHL Paketshop<\/p>\n<p>Gerne Beraten wir Sie auch zu unseren Service Anlagen Leasing mit 10 Garantien.<\/p>\n<p>\u2013 Garantiert KEINE Investition<br \/>\n\u2013 Garantiert KEINE Eigenkapitalbindung<br \/>\n\u2013 Garantiert KEINE weiteren Kosten durch Wartung und Reparaturen<br \/>\n\u2013 Garantiert KEINE Bindung an Energieversorger<br \/>\n\u2013 Garantiert 15 JAHRE Vollgarantie<br \/>\n\u2013 Garantiert 24 STUNDEN Service<br \/>\n\u2013 Garantiert BESTER Nutzungsgrad der Anlage<br \/>\n\u2013 Garantiert die Nutzung ALLER Brennstoffarten<br \/>\n\u2013 Garantiert 15 JAHRE kalkulierbare und g\u00fcnstige Servicegeb\u00fchren<br \/>\n\u2013 Garantiert FLEXIBLE Vertagsgestaltung<\/p>\n<p>Interesse? Fragen Sie nach!<\/p>\n","protected":false},"excerpt":{"rendered":"<p>Hier finden Sie eine \u00dcbersicht unserer Gesch\u00e4ftspartner und unseres Portfolios in den verschiedenen Bereichen. Heizkessel und Zubeh\u00f6r Interdomo Ferroli\/Rapido Wolf MCZ Rotex Remko Poll Oranier Installationstechnik Kupfer-L\u00f6t Kupfer-Press (V und M Kontur) Kupfer-Steck (l\u00f6sbar und unl\u00f6sbar) C-Stahl-Steck Edelstahl-Steck Aluverbund (TH Kontur) Eigenmarke WWSTEC Aluverbund-Steck Eigenmarke WWSTECK Aluverbund-Schraub Eigenmarke WWSCHRAUB und vieles mehr \u2026 Sanit\u00e4r Keramik Duschkabinen, Badewannen und Armaturen aller g\u00e4ngigen Hersteller Villeroy &amp; Boch Duravit Keramag Oli Vorwandinstallation Demm<\/p>\n<div class=\"belowpost\"><a class=\"more-link\" href=\"http:\/\/www.ww-schroeder.de\/index.php\/sortiment\/\">Read More<\/a><\/div>\n","protected":false},"author":1,"featured_media":0,"parent":0,"menu_order":0,"comment_status":"closed","ping_status":"closed","template":"template-fullwidth.php","meta":[],"_links":{"self":[{"href":"http:\/\/www.ww-schroeder.de\/index.php\/wp-json\/wp\/v2\/pages\/12"}],"collection":[{"href":"http:\/\/www.ww-schroeder.de\/index.php\/wp-json\/wp\/v2\/pages"}],"about":[{"href":"http:\/\/www.ww-schroeder.de\/index.php\/wp-json\/wp\/v2\/types\/page"}],"author":[{"embeddable":true,"href":"http:\/\/www.ww-schroeder.de\/index.php\/wp-json\/wp\/v2\/users\/1"}],"replies":[{"embeddable":true,"href":"http:\/\/www.ww-schroeder.de\/index.php\/wp-json\/wp\/v2\/comments?post=12"}],"version-history":[{"count":10,"href":"http:\/\/www.ww-schroeder.de\/index.php\/wp-json\/wp\/v2\/pages\/12\/revisions"}],"predecessor-version":[{"id":104,"href":"http:\/\/www.ww-schroeder.de\/index.php\/wp-json\/wp\/v2\/pages\/12\/revisions\/104"}],"wp:attachment":[{"href":"http:\/\/www.ww-schroeder.de\/index.php\/wp-json\/wp\/v2\/media?parent=12"}],"curies":[{"name":"wp","href":"https:\/\/api.w.org\/{rel}","templated":true}]}}